{"id":5100,"date":"2022-09-21T03:18:55","date_gmt":"2022-09-21T03:18:55","guid":{"rendered":"http:\/\/morevacare.robertshakir.com\/product\/lavender_field\/"},"modified":"2023-06-23T18:09:23","modified_gmt":"2023-06-23T18:09:23","slug":"lavender_field","status":"publish","type":"product","link":"https:\/\/morevacare.com\/en\/product\/lavender_field\/","title":{"rendered":"Lavender Field"},"content":{"rendered":"<p>Langer Tag? G\u00f6nne dir eine warme Dusche mit herrlich beruhigendem Lavendelduft, feuchtigkeitsspendenden \u00d6len und n\u00e4hrstoffreicher Tonerde. Ideal f\u00fcrs Runterkommen und die perfekte Erg\u00e4nzung f\u00fcr deine Abendroutine.<\/p>\n<ul>\n<li>Cremige Seife mit feinem Lavendelduft<\/li>\n<li>Spendet trockener Haut Feuchtigkeit<\/li>\n<li>Mit n\u00e4hrstoffreicher Tonerde<\/li>\n<\/ul>\n","protected":false},"excerpt":{"rendered":"<p>Nicht nur f\u00fcr Lavendel-Liebhaber. Die Seife \u201eLavender Field\u201c entfaltet durch \u00e4therisches Lavendel\u00f6l eine beruhigende Wirkung und hilft dir, den Alltagsstress f\u00fcr einen Moment zu vergessen.<\/p>\n<p>Rizinus\u00f6l, Mandel\u00f6l, Raps\u00f6l und Oliven\u00f6l schenken trockener Haut langanhaltend Feuchtigkeit und sorgen f\u00fcr eine angenehm cremige Konsistenz. Zus\u00e4tzlich tr\u00e4gt die Seife \u201eLavender Field\u201c dazu bei, dass deine Haut mit wertvollen N\u00e4hrstoffen versorgt wird. Daf\u00fcr enth\u00e4lt sie Tonerde mit Kupfer, Selen, Magnesium, Zink und Mangan.<\/p>\n<h6>Anwendung<\/h6>\n<ol>\n<li>Haut und Seife anfeuchten und mit der Seife die gew\u00fcnschte K\u00f6rperstelle einreiben.<\/li>\n<li>Kurz aufsch\u00e4umen und dann mit warmem Wasser abwaschen.<\/li>\n<\/ol>\n<h6>Tipps:<\/h6>\n<ul>\n<li>Lagere die Seife an einem k\u00fchlen, trockenen Ort, um ihre Lebensdauer zu verl\u00e4ngern.<\/li>\n<li>Halte sie zwischen den Anwendungen trocken, indem du sie auf eine Seifenschale legst.<\/li>\n<\/ul>\n<p>Verwende am besten eine Seifenschale mit Vertiefungen oder L\u00f6chern, damit die Seife vollst\u00e4ndig trocknen kann.<\/p>\n","protected":false},"featured_media":5072,"comment_status":"closed","ping_status":"closed","template":"","meta":{"_acf_changed":false,"site-sidebar-layout":"no-sidebar","site-content-layout":"default","ast-site-content-layout":"default","site-content-style":"default","site-sidebar-style":"default","ast-global-header-display":"","ast-banner-title-visibility":"","ast-main-header-display":"","ast-hfb-above-header-display":"","ast-hfb-below-header-display":"","ast-hfb-mobile-header-display":"","site-post-title":"","ast-breadcrumbs-content":"","ast-featured-img":"","footer-sml-layout":"","theme-transparent-header-meta":"default","adv-header-id-meta":"","stick-header-meta":"","header-above-stick-meta":"","header-main-stick-meta":"","header-below-stick-meta":"","astra-migrate-meta-layouts":"default","ast-page-background-enabled":"default","ast-page-background-meta":{"desktop":{"background-color":"","background-image":"","background-repeat":"repeat","background-position":"center center","background-size":"auto","background-attachment":"scroll","background-type":"","background-media":"","overlay-type":"","overlay-color":"","overlay-opacity":"","overlay-gradient":""},"tablet":{"background-color":"","background-image":"","background-repeat":"repeat","background-position":"center center","background-size":"auto","background-attachment":"scroll","background-type":"","background-media":"","overlay-type":"","overlay-color":"","overlay-opacity":"","overlay-gradient":""},"mobile":{"background-color":"","background-image":"","background-repeat":"repeat","background-position":"center center","background-size":"auto","background-attachment":"scroll","background-type":"","background-media":"","overlay-type":"","overlay-color":"","overlay-opacity":"","overlay-gradient":""}},"ast-content-background-meta":{"desktop":{"background-color":"var(--ast-global-color-5)","background-image":"","background-repeat":"repeat","background-position":"center center","background-size":"auto","background-attachment":"scroll","background-type":"","background-media":"","overlay-type":"","overlay-color":"","overlay-opacity":"","overlay-gradient":""},"tablet":{"background-color":"var(--ast-global-color-5)","background-image":"","background-repeat":"repeat","background-position":"center center","background-size":"auto","background-attachment":"scroll","background-type":"","background-media":"","overlay-type":"","overlay-color":"","overlay-opacity":"","overlay-gradient":""},"mobile":{"background-color":"var(--ast-global-color-5)","background-image":"","background-repeat":"repeat","background-position":"center center","background-size":"auto","background-attachment":"scroll","background-type":"","background-media":"","overlay-type":"","overlay-color":"","overlay-opacity":"","overlay-gradient":""}}},"product_brand":[],"product_cat":[50],"product_tag":[],"class_list":{"0":"post-5100","1":"product","2":"type-product","3":"status-publish","4":"has-post-thumbnail","6":"product_cat-soaps-en","7":"desktop-align-left","8":"tablet-align-left","9":"mobile-align-left","11":"first","12":"outofstock","13":"shipping-taxable","14":"purchasable","15":"product-type-variable"},"acf":[],"_links":{"self":[{"href":"https:\/\/morevacare.com\/en\/wp-json\/wp\/v2\/product\/5100","targetHints":{"allow":["GET"]}}],"collection":[{"href":"https:\/\/morevacare.com\/en\/wp-json\/wp\/v2\/product"}],"about":[{"href":"https:\/\/morevacare.com\/en\/wp-json\/wp\/v2\/types\/product"}],"replies":[{"embeddable":true,"href":"https:\/\/morevacare.com\/en\/wp-json\/wp\/v2\/comments?post=5100"}],"wp:featuredmedia":[{"embeddable":true,"href":"https:\/\/morevacare.com\/en\/wp-json\/wp\/v2\/media\/5072"}],"wp:attachment":[{"href":"https:\/\/morevacare.com\/en\/wp-json\/wp\/v2\/media?parent=5100"}],"wp:term":[{"taxonomy":"product_brand","embeddable":true,"href":"https:\/\/morevacare.com\/en\/wp-json\/wp\/v2\/product_brand?post=5100"},{"taxonomy":"product_cat","embeddable":true,"href":"https:\/\/morevacare.com\/en\/wp-json\/wp\/v2\/product_cat?post=5100"},{"taxonomy":"product_tag","embeddable":true,"href":"https:\/\/morevacare.com\/en\/wp-json\/wp\/v2\/product_tag?post=5100"}],"curies":[{"name":"wp","href":"https:\/\/api.w.org\/{rel}","templated":true}]}}